{"id":1249,"date":"2025-04-04T12:25:37","date_gmt":"2025-04-04T12:25:37","guid":{"rendered":"https:\/\/www.dbhostel.fi\/?page_id=1249"},"modified":"2026-03-12T11:40:38","modified_gmt":"2026-03-12T11:40:38","slug":"yhteistilat","status":"publish","type":"page","link":"https:\/\/www.dbhostel.fi\/index.php\/yhteistilat\/","title":{"rendered":"Yhteistilat"},"content":{"rendered":"\t\t<div data-elementor-type=\"wp-page\" data-elementor-id=\"1249\" class=\"elementor elementor-1249\">\n\t\t\t\t<div class=\"elementor-element elementor-element-AMGIcmD e-flex e-con-boxed e-con e-parent\" data-id=\"AMGIcmD\" data-element_type=\"container\" data-e-type=\"container\">\n\t\t\t\t\t<div class=\"e-con-inner\">\n\t\t<div class=\"elementor-element elementor-element-xPRlCfu e-con-full e-flex e-con e-child\" data-id=\"xPRlCfu\" data-element_type=\"container\" data-e-type=\"container\">\n\t\t<div class=\"elementor-element elementor-element-eOHJLnh e-flex e-con-boxed e-con e-child\" data-id=\"eOHJLnh\" data-element_type=\"container\" data-e-type=\"container\">\n\t\t\t\t\t<div class=\"e-con-inner\">\n\t\t<div class=\"elementor-element elementor-element-VTFt4xh e-flex e-con-boxed e-con e-child\" data-id=\"VTFt4xh\" data-element_type=\"container\" data-e-type=\"container\">\n\t\t\t\t\t<div class=\"e-con-inner\">\n\t\t\t\t<div class=\"elementor-element elementor-element-wDT9aGF elementor-list-item-link-full_width elementor-widget elementor-widget-icon-list\" data-id=\"wDT9aGF\" data-element_type=\"widget\" data-e-type=\"widget\" data-widget_type=\"icon-list.default\">\n\t\t\t\t<div class=\"elementor-widget-container\">\n\t\t\t\t\t\t\t<ul class=\"elementor-icon-list-items\">\n\t\t\t\t\t\t\t<li class=\"elementor-icon-list-item\">\n\t\t\t\t\t\t\t\t\t\t\t<span class=\"elementor-icon-list-icon\">\n\t\t\t\t\t\t\t<svg aria-hidden=\"true\" class=\"e-font-icon-svg e-fas-coffee\" viewBox=\"0 0 640 512\" xmlns=\"http:\/\/www.w3.org\/2000\/svg\"><path d=\"M192 384h192c53 0 96-43 96-96h32c70.6 0 128-57.4 128-128S582.6 32 512 32H120c-13.3 0-24 10.7-24 24v232c0 53 43 96 96 96zM512 96c35.3 0 64 28.7 64 64s-28.7 64-64 64h-32V96h32zm47.7 384H48.3c-47.6 0-61-64-36-64h583.3c25 0 11.8 64-35.9 64z\"><\/path><\/svg>\t\t\t\t\t\t<\/span>\n\t\t\t\t\t\t\t\t\t\t<span class=\"elementor-icon-list-text\">Hyvin varusteltu keitti\u00f6. Esim. astianpesukone, liesi, mikroaaltouuni, 2 j\u00e4\u00e4kaappia, pakastin, kahvinkeitin ja vedenkeitin. Suodatinkahvi, tee, ruoka\u00f6ljy ja perusmausteet kuuluvat majoituksen hintaan.<\/span>\n\t\t\t\t\t\t\t\t\t<\/li>\n\t\t\t\t\t\t\t\t<li class=\"elementor-icon-list-item\">\n\t\t\t\t\t\t\t\t\t\t\t<span class=\"elementor-icon-list-icon\">\n\t\t\t\t\t\t\t<svg aria-hidden=\"true\" class=\"e-font-icon-svg e-fas-chair\" viewBox=\"0 0 448 512\" xmlns=\"http:\/\/www.w3.org\/2000\/svg\"><path d=\"M112 128c0-29.5 16.2-55 40-68.9V256h48V48h48v208h48V59.1c23.8 13.9 40 39.4 40 68.9v128h48V128C384 57.3 326.7 0 256 0h-64C121.3 0 64 57.3 64 128v128h48zm334.3 213.9l-10.7-32c-4.4-13.1-16.6-21.9-30.4-21.9H42.7c-13.8 0-26 8.8-30.4 21.9l-10.7 32C-5.2 362.6 10.2 384 32 384v112c0 8.8 7.2 16 16 16h32c8.8 0 16-7.2 16-16V384h256v112c0 8.8 7.2 16 16 16h32c8.8 0 16-7.2 16-16V384c21.8 0 37.2-21.4 30.3-42.1z\"><\/path><\/svg>\t\t\t\t\t\t<\/span>\n\t\t\t\t\t\t\t\t\t\t<span class=\"elementor-icon-list-text\">Mukavat ruokailutila, olohuone ja parveke. Riitt\u00e4v\u00e4sti tilaa, istumapaikkoja ja ruokailuv\u00e4lineit\u00e4 kaikille. Ilmainen ja joka huoneessa toimiva wifi -yhteys. <\/span>\n\t\t\t\t\t\t\t\t\t<\/li>\n\t\t\t\t\t\t\t\t<li class=\"elementor-icon-list-item\">\n\t\t\t\t\t\t\t\t\t\t\t<span class=\"elementor-icon-list-icon\">\n\t\t\t\t\t\t\t<svg aria-hidden=\"true\" class=\"e-font-icon-svg e-fas-shower\" viewBox=\"0 0 512 512\" xmlns=\"http:\/\/www.w3.org\/2000\/svg\"><path d=\"M304,320a16,16,0,1,0,16,16A16,16,0,0,0,304,320Zm32-96a16,16,0,1,0,16,16A16,16,0,0,0,336,224Zm32,64a16,16,0,1,0-16-16A16,16,0,0,0,368,288Zm-32,32a16,16,0,1,0-16-16A16,16,0,0,0,336,320Zm-32-64a16,16,0,1,0,16,16A16,16,0,0,0,304,256Zm128-32a16,16,0,1,0-16-16A16,16,0,0,0,432,224Zm-48,16a16,16,0,1,0,16-16A16,16,0,0,0,384,240Zm-16-48a16,16,0,1,0,16,16A16,16,0,0,0,368,192Zm96,32a16,16,0,1,0,16,16A16,16,0,0,0,464,224Zm32-32a16,16,0,1,0,16,16A16,16,0,0,0,496,192Zm-64,64a16,16,0,1,0,16,16A16,16,0,0,0,432,256Zm-32,32a16,16,0,1,0,16,16A16,16,0,0,0,400,288Zm-64,64a16,16,0,1,0,16,16A16,16,0,0,0,336,352Zm-32,32a16,16,0,1,0,16,16A16,16,0,0,0,304,384Zm64-64a16,16,0,1,0,16,16A16,16,0,0,0,368,320Zm21.65-218.35-11.3-11.31a16,16,0,0,0-22.63,0L350.05,96A111.19,111.19,0,0,0,272,64c-19.24,0-37.08,5.3-52.9,13.85l-10-10A121.72,121.72,0,0,0,123.44,32C55.49,31.5,0,92.91,0,160.85V464a16,16,0,0,0,16,16H48a16,16,0,0,0,16-16V158.4c0-30.15,21-58.2,51-61.93a58.38,58.38,0,0,1,48.93,16.67l10,10C165.3,138.92,160,156.76,160,176a111.23,111.23,0,0,0,32,78.05l-5.66,5.67a16,16,0,0,0,0,22.62l11.3,11.31a16,16,0,0,0,22.63,0L389.65,124.28A16,16,0,0,0,389.65,101.65Z\"><\/path><\/svg>\t\t\t\t\t\t<\/span>\n\t\t\t\t\t\t\t\t\t\t<span class=\"elementor-icon-list-text\">2 lukollista wc:t\u00e4 joista toisessa suihku ja toisessa pyykinpesukone.<\/span>\n\t\t\t\t\t\t\t\t\t<\/li>\n\t\t\t\t\t\t<\/ul>\n\t\t\t\t\t\t<\/div>\n\t\t\t\t<\/div>\n\t\t<div class=\"elementor-element elementor-element-vAGRv3Z e-con-full e-flex e-con e-child\" data-id=\"vAGRv3Z\" data-element_type=\"container\" data-e-type=\"container\">\n\t\t\t\t<\/div>\n\t\t\t\t\t<\/div>\n\t\t\t\t<\/div>\n\t\t\t\t\t<\/div>\n\t\t\t\t<\/div>\n\t\t\t\t<\/div>\n\t\t\t\t\t<\/div>\n\t\t\t\t<\/div>\n\t\t<div class=\"elementor-element elementor-element-48a5c06 e-grid e-con-full e-con e-parent\" data-id=\"48a5c06\" data-element_type=\"container\" data-e-type=\"container\">\n\t\t\t\t<div class=\"elementor-element elementor-element-1a4eda6 elementor-widget elementor-widget-image\" data-id=\"1a4eda6\" data-element_type=\"widget\" data-e-type=\"widget\" data-widget_type=\"image.default\">\n\t\t\t\t<div class=\"elementor-widget-container\">\n\t\t\t\t\t\t\t\t\t\t\t\t<figure class=\"wp-caption\">\n\t\t\t\t\t\t\t\t\t\t<img fetchpriority=\"high\" decoding=\"async\" width=\"525\" height=\"394\" src=\"https:\/\/www.dbhostel.fi\/wp-content\/uploads\/2025\/05\/20250524_173116-1024x768.jpg\" class=\"attachment-large size-large wp-image-1399\" alt=\"\" srcset=\"https:\/\/www.dbhostel.fi\/wp-content\/uploads\/2025\/05\/20250524_173116-1024x768.jpg 1024w, https:\/\/www.dbhostel.fi\/wp-content\/uploads\/2025\/05\/20250524_173116-300x225.jpg 300w, https:\/\/www.dbhostel.fi\/wp-content\/uploads\/2025\/05\/20250524_173116-768x576.jpg 768w, https:\/\/www.dbhostel.fi\/wp-content\/uploads\/2025\/05\/20250524_173116-1536x1152.jpg 1536w, https:\/\/www.dbhostel.fi\/wp-content\/uploads\/2025\/05\/20250524_173116.jpg 2000w\" sizes=\"100vw\" \/>\t\t\t\t\t\t\t\t\t\t\t<figcaption class=\"widget-image-caption wp-caption-text\">Olohuone<\/figcaption>\n\t\t\t\t\t\t\t\t\t\t<\/figure>\n\t\t\t\t\t\t\t\t\t<\/div>\n\t\t\t\t<\/div>\n\t\t\t\t<div class=\"elementor-element elementor-element-49e6f23 elementor-widget elementor-widget-image\" data-id=\"49e6f23\" data-element_type=\"widget\" data-e-type=\"widget\" data-widget_type=\"image.default\">\n\t\t\t\t<div class=\"elementor-widget-container\">\n\t\t\t\t\t\t\t\t\t\t\t\t<figure class=\"wp-caption\">\n\t\t\t\t\t\t\t\t\t\t<img decoding=\"async\" width=\"525\" height=\"394\" src=\"https:\/\/www.dbhostel.fi\/wp-content\/uploads\/2025\/05\/20250524_172844-1024x768.jpg\" class=\"attachment-large size-large wp-image-1398\" alt=\"\" srcset=\"https:\/\/www.dbhostel.fi\/wp-content\/uploads\/2025\/05\/20250524_172844-1024x768.jpg 1024w, https:\/\/www.dbhostel.fi\/wp-content\/uploads\/2025\/05\/20250524_172844-300x225.jpg 300w, https:\/\/www.dbhostel.fi\/wp-content\/uploads\/2025\/05\/20250524_172844-768x576.jpg 768w, https:\/\/www.dbhostel.fi\/wp-content\/uploads\/2025\/05\/20250524_172844-1536x1152.jpg 1536w, https:\/\/www.dbhostel.fi\/wp-content\/uploads\/2025\/05\/20250524_172844.jpg 2000w\" sizes=\"100vw\" \/>\t\t\t\t\t\t\t\t\t\t\t<figcaption class=\"widget-image-caption wp-caption-text\">Keitti\u00f6<\/figcaption>\n\t\t\t\t\t\t\t\t\t\t<\/figure>\n\t\t\t\t\t\t\t\t\t<\/div>\n\t\t\t\t<\/div>\n\t\t\t\t<div class=\"elementor-element elementor-element-3053a0c elementor-widget elementor-widget-image\" data-id=\"3053a0c\" data-element_type=\"widget\" data-e-type=\"widget\" data-widget_type=\"image.default\">\n\t\t\t\t<div class=\"elementor-widget-container\">\n\t\t\t\t\t\t\t\t\t\t\t\t<figure class=\"wp-caption\">\n\t\t\t\t\t\t\t\t\t\t<img decoding=\"async\" width=\"525\" height=\"394\" src=\"https:\/\/www.dbhostel.fi\/wp-content\/uploads\/2025\/05\/20250524_172740-1024x768.jpg\" class=\"attachment-large size-large wp-image-1397\" alt=\"\" srcset=\"https:\/\/www.dbhostel.fi\/wp-content\/uploads\/2025\/05\/20250524_172740-1024x768.jpg 1024w, https:\/\/www.dbhostel.fi\/wp-content\/uploads\/2025\/05\/20250524_172740-300x225.jpg 300w, https:\/\/www.dbhostel.fi\/wp-content\/uploads\/2025\/05\/20250524_172740-768x576.jpg 768w, https:\/\/www.dbhostel.fi\/wp-content\/uploads\/2025\/05\/20250524_172740-1536x1152.jpg 1536w, https:\/\/www.dbhostel.fi\/wp-content\/uploads\/2025\/05\/20250524_172740.jpg 2000w\" sizes=\"100vw\" \/>\t\t\t\t\t\t\t\t\t\t\t<figcaption class=\"widget-image-caption wp-caption-text\">Ruokailutila<\/figcaption>\n\t\t\t\t\t\t\t\t\t\t<\/figure>\n\t\t\t\t\t\t\t\t\t<\/div>\n\t\t\t\t<\/div>\n\t\t\t\t<div class=\"elementor-element elementor-element-8388f3f elementor-widget elementor-widget-image\" data-id=\"8388f3f\" data-element_type=\"widget\" data-e-type=\"widget\" data-widget_type=\"image.default\">\n\t\t\t\t<div class=\"elementor-widget-container\">\n\t\t\t\t\t\t\t\t\t\t\t\t<figure class=\"wp-caption\">\n\t\t\t\t\t\t\t\t\t\t<img loading=\"lazy\" decoding=\"async\" width=\"525\" height=\"394\" src=\"https:\/\/www.dbhostel.fi\/wp-content\/uploads\/2025\/05\/20250524_170519-1024x768.jpg\" class=\"attachment-large size-large wp-image-1396\" alt=\"\" srcset=\"https:\/\/www.dbhostel.fi\/wp-content\/uploads\/2025\/05\/20250524_170519-1024x768.jpg 1024w, https:\/\/www.dbhostel.fi\/wp-content\/uploads\/2025\/05\/20250524_170519-300x225.jpg 300w, https:\/\/www.dbhostel.fi\/wp-content\/uploads\/2025\/05\/20250524_170519-768x576.jpg 768w, https:\/\/www.dbhostel.fi\/wp-content\/uploads\/2025\/05\/20250524_170519-1536x1152.jpg 1536w, https:\/\/www.dbhostel.fi\/wp-content\/uploads\/2025\/05\/20250524_170519.jpg 2000w\" sizes=\"100vw\" \/>\t\t\t\t\t\t\t\t\t\t\t<figcaption class=\"widget-image-caption wp-caption-text\">wc &amp; suihku<\/figcaption>\n\t\t\t\t\t\t\t\t\t\t<\/figure>\n\t\t\t\t\t\t\t\t\t<\/div>\n\t\t\t\t<\/div>\n\t\t\t\t<div class=\"elementor-element elementor-element-6c2b97b elementor-widget elementor-widget-image\" data-id=\"6c2b97b\" data-element_type=\"widget\" data-e-type=\"widget\" data-widget_type=\"image.default\">\n\t\t\t\t<div class=\"elementor-widget-container\">\n\t\t\t\t\t\t\t\t\t\t\t\t<figure class=\"wp-caption\">\n\t\t\t\t\t\t\t\t\t\t<img loading=\"lazy\" decoding=\"async\" width=\"525\" height=\"394\" src=\"https:\/\/www.dbhostel.fi\/wp-content\/uploads\/2025\/05\/20250524_174830-1024x768.jpg\" class=\"attachment-large size-large wp-image-1402\" alt=\"\" srcset=\"https:\/\/www.dbhostel.fi\/wp-content\/uploads\/2025\/05\/20250524_174830-1024x768.jpg 1024w, https:\/\/www.dbhostel.fi\/wp-content\/uploads\/2025\/05\/20250524_174830-300x225.jpg 300w, https:\/\/www.dbhostel.fi\/wp-content\/uploads\/2025\/05\/20250524_174830-768x576.jpg 768w, https:\/\/www.dbhostel.fi\/wp-content\/uploads\/2025\/05\/20250524_174830-1536x1152.jpg 1536w, https:\/\/www.dbhostel.fi\/wp-content\/uploads\/2025\/05\/20250524_174830.jpg 2000w\" sizes=\"100vw\" \/>\t\t\t\t\t\t\t\t\t\t\t<figcaption class=\"widget-image-caption wp-caption-text\">wc<\/figcaption>\n\t\t\t\t\t\t\t\t\t\t<\/figure>\n\t\t\t\t\t\t\t\t\t<\/div>\n\t\t\t\t<\/div>\n\t\t\t\t<div class=\"elementor-element elementor-element-7eb5d17 elementor-widget elementor-widget-image\" data-id=\"7eb5d17\" data-element_type=\"widget\" data-e-type=\"widget\" data-widget_type=\"image.default\">\n\t\t\t\t<div class=\"elementor-widget-container\">\n\t\t\t\t\t\t\t\t\t\t\t\t<figure class=\"wp-caption\">\n\t\t\t\t\t\t\t\t\t\t<img loading=\"lazy\" decoding=\"async\" width=\"525\" height=\"394\" src=\"https:\/\/www.dbhostel.fi\/wp-content\/uploads\/2025\/06\/20250608_123954-1024x768.jpg\" class=\"attachment-large size-large wp-image-1439\" alt=\"\" srcset=\"https:\/\/www.dbhostel.fi\/wp-content\/uploads\/2025\/06\/20250608_123954-1024x768.jpg 1024w, https:\/\/www.dbhostel.fi\/wp-content\/uploads\/2025\/06\/20250608_123954-300x225.jpg 300w, https:\/\/www.dbhostel.fi\/wp-content\/uploads\/2025\/06\/20250608_123954-768x576.jpg 768w, https:\/\/www.dbhostel.fi\/wp-content\/uploads\/2025\/06\/20250608_123954-1536x1152.jpg 1536w, https:\/\/www.dbhostel.fi\/wp-content\/uploads\/2025\/06\/20250608_123954.jpg 2000w\" sizes=\"100vw\" \/>\t\t\t\t\t\t\t\t\t\t\t<figcaption class=\"widget-image-caption wp-caption-text\">N\u00e4kym\u00e4 parvekkeelta<\/figcaption>\n\t\t\t\t\t\t\t\t\t\t<\/figure>\n\t\t\t\t\t\t\t\t\t<\/div>\n\t\t\t\t<\/div>\n\t\t\t\t<\/div>\n\t\t\t\t<\/div>\n\t\t","protected":false},"excerpt":{"rendered":"<p>Hyvin varusteltu keitti\u00f6. Esim. astianpesukone, liesi, mikroaaltouuni, 2 j\u00e4\u00e4kaappia, pakastin, kahvinkeitin ja vedenkeitin. Suodatinkahvi, tee, ruoka\u00f6ljy ja perusmausteet kuuluvat majoituksen hintaan. Mukavat ruokailutila, olohuone ja parveke. Riitt\u00e4v\u00e4sti tilaa, istumapaikkoja ja ruokailuv\u00e4lineit\u00e4 kaikille. Ilmainen ja joka huoneessa toimiva wifi -yhteys. 2 lukollista wc:t\u00e4 joista toisessa suihku ja toisessa pyykinpesukone. Olohuone Keitti\u00f6 Ruokailutila wc &amp; suihku wc &hellip; <\/p>\n<p class=\"link-more\"><a href=\"https:\/\/www.dbhostel.fi\/index.php\/yhteistilat\/\" class=\"more-link\">Jatka lukemista<span class=\"screen-reader-text\"> &#8221;Yhteistilat&#8221;<\/span><\/a><\/p>\n","protected":false},"author":1,"featured_media":1404,"parent":0,"menu_order":0,"comment_status":"closed","ping_status":"closed","template":"","meta":{"footnotes":""},"class_list":["post-1249","page","type-page","status-publish","has-post-thumbnail","hentry"],"_links":{"self":[{"href":"https:\/\/www.dbhostel.fi\/index.php\/wp-json\/wp\/v2\/pages\/1249","targetHints":{"allow":["GET"]}}],"collection":[{"href":"https:\/\/www.dbhostel.fi\/index.php\/wp-json\/wp\/v2\/pages"}],"about":[{"href":"https:\/\/www.dbhostel.fi\/index.php\/wp-json\/wp\/v2\/types\/page"}],"author":[{"embeddable":true,"href":"https:\/\/www.dbhostel.fi\/index.php\/wp-json\/wp\/v2\/users\/1"}],"replies":[{"embeddable":true,"href":"https:\/\/www.dbhostel.fi\/index.php\/wp-json\/wp\/v2\/comments?post=1249"}],"version-history":[{"count":80,"href":"https:\/\/www.dbhostel.fi\/index.php\/wp-json\/wp\/v2\/pages\/1249\/revisions"}],"predecessor-version":[{"id":1536,"href":"https:\/\/www.dbhostel.fi\/index.php\/wp-json\/wp\/v2\/pages\/1249\/revisions\/1536"}],"wp:featuredmedia":[{"embeddable":true,"href":"https:\/\/www.dbhostel.fi\/index.php\/wp-json\/wp\/v2\/media\/1404"}],"wp:attachment":[{"href":"https:\/\/www.dbhostel.fi\/index.php\/wp-json\/wp\/v2\/media?parent=1249"}],"curies":[{"name":"wp","href":"https:\/\/api.w.org\/{rel}","templated":true}]}}