{"id":1247,"date":"2025-04-04T12:24:08","date_gmt":"2025-04-04T12:24:08","guid":{"rendered":"https:\/\/www.dbhostel.fi\/?page_id=1247"},"modified":"2026-03-12T11:32:43","modified_gmt":"2026-03-12T11:32:43","slug":"huoneet","status":"publish","type":"page","link":"https:\/\/www.dbhostel.fi\/index.php\/huoneet\/","title":{"rendered":"Huoneet"},"content":{"rendered":"\t\t<div data-elementor-type=\"wp-page\" data-elementor-id=\"1247\" class=\"elementor elementor-1247\">\n\t\t\t\t<div class=\"elementor-element elementor-element-n0iragU e-flex e-con-boxed e-con e-parent\" data-id=\"n0iragU\" data-element_type=\"container\" data-e-type=\"container\">\n\t\t\t\t\t<div class=\"e-con-inner\">\n\t\t<div class=\"elementor-element elementor-element-tFVhkeS e-con-full e-flex e-con e-child\" data-id=\"tFVhkeS\" data-element_type=\"container\" data-e-type=\"container\">\n\t\t\t\t<div class=\"elementor-element elementor-element-v0N6Teh elementor-widget elementor-widget-text-editor\" data-id=\"v0N6Teh\" data-element_type=\"widget\" data-e-type=\"widget\" data-widget_type=\"text-editor.default\">\n\t\t\t\t<div class=\"elementor-widget-container\">\n\t\t\t\t\t\t\t\t\t<p>Hostellissamme on nelj\u00e4 lukollista 2-hengen huonetta ja yksi 4-hengen huone. Kaikkien huoneidemme hintaan sis\u00e4ltyy liinavaatteet ja pyyhkeet.<\/p>\t\t\t\t\t\t\t\t<\/div>\n\t\t\t\t<\/div>\n\t\t<div class=\"elementor-element elementor-element-9h38tIv e-con-full e-flex e-con e-child\" data-id=\"9h38tIv\" data-element_type=\"container\" data-e-type=\"container\">\n\t\t\t\t<div class=\"elementor-element elementor-element-P302Ir7 elementor-widget__width-auto elementor-widget elementor-widget-button\" data-id=\"P302Ir7\" data-element_type=\"widget\" data-e-type=\"widget\" data-widget_type=\"button.default\">\n\t\t\t\t<div class=\"elementor-widget-container\">\n\t\t\t\t\t\t\t\t\t<div class=\"elementor-button-wrapper\">\n\t\t\t\t\t<a class=\"elementor-button elementor-button-link elementor-size-sm\" href=\"https:\/\/app.moder.fi\/db-hostel\">\n\t\t\t\t\t\t<span class=\"elementor-button-content-wrapper\">\n\t\t\t\t\t\t\t\t\t<span class=\"elementor-button-text\">Varaa nyt!<\/span>\n\t\t\t\t\t<\/span>\n\t\t\t\t\t<\/a>\n\t\t\t\t<\/div>\n\t\t\t\t\t\t\t\t<\/div>\n\t\t\t\t<\/div>\n\t\t\t\t<\/div>\n\t\t\t\t<div class=\"elementor-element elementor-element-MD7sEha elementor-icon-list--layout-traditional elementor-list-item-link-full_width elementor-widget elementor-widget-icon-list\" data-id=\"MD7sEha\" data-element_type=\"widget\" data-e-type=\"widget\" data-widget_type=\"icon-list.default\">\n\t\t\t\t<div class=\"elementor-widget-container\">\n\t\t\t\t\t\t\t<ul class=\"elementor-icon-list-items\">\n\t\t\t\t\t\t\t<li class=\"elementor-icon-list-item\">\n\t\t\t\t\t\t\t\t\t\t\t<span class=\"elementor-icon-list-icon\">\n\t\t\t\t\t\t\t<svg aria-hidden=\"true\" class=\"e-font-icon-svg e-fas-circle\" viewBox=\"0 0 512 512\" xmlns=\"http:\/\/www.w3.org\/2000\/svg\"><path d=\"M256 8C119 8 8 119 8 256s111 248 248 248 248-111 248-248S393 8 256 8z\"><\/path><\/svg>\t\t\t\t\t\t<\/span>\n\t\t\t\t\t\t\t\t\t\t<span class=\"elementor-icon-list-text\">2-hengen huone: Ihanteellinen valinta 1-2 henkil\u00f6lle.<\/span>\n\t\t\t\t\t\t\t\t\t<\/li>\n\t\t\t\t\t\t\t\t<li class=\"elementor-icon-list-item\">\n\t\t\t\t\t\t\t\t\t\t\t<span class=\"elementor-icon-list-icon\">\n\t\t\t\t\t\t\t<svg aria-hidden=\"true\" class=\"e-font-icon-svg e-fas-circle\" viewBox=\"0 0 512 512\" xmlns=\"http:\/\/www.w3.org\/2000\/svg\"><path d=\"M256 8C119 8 8 119 8 256s111 248 248 248 248-111 248-248S393 8 256 8z\"><\/path><\/svg>\t\t\t\t\t\t<\/span>\n\t\t\t\t\t\t\t\t\t\t<span class=\"elementor-icon-list-text\">4-hengen huone: Parvekkeellinen huone 1-4 henkil\u00f6lle.<\/span>\n\t\t\t\t\t\t\t\t\t<\/li>\n\t\t\t\t\t\t<\/ul>\n\t\t\t\t\t\t<\/div>\n\t\t\t\t<\/div>\n\t\t\t\t<\/div>\n\t\t\t\t\t<\/div>\n\t\t\t\t<\/div>\n\t\t<div class=\"elementor-element elementor-element-79dd682 e-grid e-con-boxed e-con e-parent\" data-id=\"79dd682\" data-element_type=\"container\" data-e-type=\"container\">\n\t\t\t\t\t<div class=\"e-con-inner\">\n\t\t\t\t<div class=\"elementor-element elementor-element-556d0f8 elementor-widget elementor-widget-image\" data-id=\"556d0f8\" data-element_type=\"widget\" data-e-type=\"widget\" data-widget_type=\"image.default\">\n\t\t\t\t<div class=\"elementor-widget-container\">\n\t\t\t\t\t\t\t\t\t\t\t\t<figure class=\"wp-caption\">\n\t\t\t\t\t\t\t\t\t\t<img fetchpriority=\"high\" decoding=\"async\" width=\"525\" height=\"400\" src=\"https:\/\/www.dbhostel.fi\/wp-content\/uploads\/2025\/05\/20250524_173606-1024x781.jpg\" class=\"attachment-large size-large wp-image-1400\" alt=\"\" srcset=\"https:\/\/www.dbhostel.fi\/wp-content\/uploads\/2025\/05\/20250524_173606-1024x781.jpg 1024w, https:\/\/www.dbhostel.fi\/wp-content\/uploads\/2025\/05\/20250524_173606-300x229.jpg 300w, https:\/\/www.dbhostel.fi\/wp-content\/uploads\/2025\/05\/20250524_173606-768x586.jpg 768w, https:\/\/www.dbhostel.fi\/wp-content\/uploads\/2025\/05\/20250524_173606-1536x1171.jpg 1536w, https:\/\/www.dbhostel.fi\/wp-content\/uploads\/2025\/05\/20250524_173606.jpg 1907w\" sizes=\"100vw\" \/>\t\t\t\t\t\t\t\t\t\t\t<figcaption class=\"widget-image-caption wp-caption-text\">2-hengen huone<\/figcaption>\n\t\t\t\t\t\t\t\t\t\t<\/figure>\n\t\t\t\t\t\t\t\t\t<\/div>\n\t\t\t\t<\/div>\n\t\t\t\t<div class=\"elementor-element elementor-element-db7fe3e elementor-widget elementor-widget-image\" data-id=\"db7fe3e\" data-element_type=\"widget\" data-e-type=\"widget\" data-widget_type=\"image.default\">\n\t\t\t\t<div class=\"elementor-widget-container\">\n\t\t\t\t\t\t\t\t\t\t\t\t<figure class=\"wp-caption\">\n\t\t\t\t\t\t\t\t\t\t<img decoding=\"async\" width=\"525\" height=\"394\" src=\"https:\/\/www.dbhostel.fi\/wp-content\/uploads\/2025\/05\/20250524_174601-1024x768.jpg\" class=\"attachment-large size-large wp-image-1401\" alt=\"\" srcset=\"https:\/\/www.dbhostel.fi\/wp-content\/uploads\/2025\/05\/20250524_174601-1024x768.jpg 1024w, https:\/\/www.dbhostel.fi\/wp-content\/uploads\/2025\/05\/20250524_174601-300x225.jpg 300w, https:\/\/www.dbhostel.fi\/wp-content\/uploads\/2025\/05\/20250524_174601-768x576.jpg 768w, https:\/\/www.dbhostel.fi\/wp-content\/uploads\/2025\/05\/20250524_174601-1536x1152.jpg 1536w, https:\/\/www.dbhostel.fi\/wp-content\/uploads\/2025\/05\/20250524_174601.jpg 2000w\" sizes=\"100vw\" \/>\t\t\t\t\t\t\t\t\t\t\t<figcaption class=\"widget-image-caption wp-caption-text\">4-hengen huone<\/figcaption>\n\t\t\t\t\t\t\t\t\t\t<\/figure>\n\t\t\t\t\t\t\t\t\t<\/div>\n\t\t\t\t<\/div>\n\t\t\t\t\t<\/div>\n\t\t\t\t<\/div>\n\t\t\t\t<\/div>\n\t\t","protected":false},"excerpt":{"rendered":"<p>Hostellissamme on nelj\u00e4 lukollista 2-hengen huonetta ja yksi 4-hengen huone. Kaikkien huoneidemme hintaan sis\u00e4ltyy liinavaatteet ja pyyhkeet. Varaa nyt! 2-hengen huone: Ihanteellinen valinta 1-2 henkil\u00f6lle. 4-hengen huone: Parvekkeellinen huone 1-4 henkil\u00f6lle. 2-hengen huone 4-hengen huone<\/p>\n","protected":false},"author":1,"featured_media":1403,"parent":0,"menu_order":0,"comment_status":"closed","ping_status":"closed","template":"","meta":{"footnotes":""},"class_list":["post-1247","page","type-page","status-publish","has-post-thumbnail","hentry"],"_links":{"self":[{"href":"https:\/\/www.dbhostel.fi\/index.php\/wp-json\/wp\/v2\/pages\/1247","targetHints":{"allow":["GET"]}}],"collection":[{"href":"https:\/\/www.dbhostel.fi\/index.php\/wp-json\/wp\/v2\/pages"}],"about":[{"href":"https:\/\/www.dbhostel.fi\/index.php\/wp-json\/wp\/v2\/types\/page"}],"author":[{"embeddable":true,"href":"https:\/\/www.dbhostel.fi\/index.php\/wp-json\/wp\/v2\/users\/1"}],"replies":[{"embeddable":true,"href":"https:\/\/www.dbhostel.fi\/index.php\/wp-json\/wp\/v2\/comments?post=1247"}],"version-history":[{"count":46,"href":"https:\/\/www.dbhostel.fi\/index.php\/wp-json\/wp\/v2\/pages\/1247\/revisions"}],"predecessor-version":[{"id":1526,"href":"https:\/\/www.dbhostel.fi\/index.php\/wp-json\/wp\/v2\/pages\/1247\/revisions\/1526"}],"wp:featuredmedia":[{"embeddable":true,"href":"https:\/\/www.dbhostel.fi\/index.php\/wp-json\/wp\/v2\/media\/1403"}],"wp:attachment":[{"href":"https:\/\/www.dbhostel.fi\/index.php\/wp-json\/wp\/v2\/media?parent=1247"}],"curies":[{"name":"wp","href":"https:\/\/api.w.org\/{rel}","templated":true}]}}