{"id":1180,"date":"2025-04-04T08:13:23","date_gmt":"2025-04-04T08:13:23","guid":{"rendered":"https:\/\/www.dbhostel.fi\/?page_id=1180"},"modified":"2026-03-12T11:33:47","modified_gmt":"2026-03-12T11:33:47","slug":"etusivu","status":"publish","type":"page","link":"https:\/\/www.dbhostel.fi\/","title":{"rendered":"Tervetuloa"},"content":{"rendered":"\t\t<div data-elementor-type=\"wp-page\" data-elementor-id=\"1180\" class=\"elementor elementor-1180\">\n\t\t\t\t<div class=\"elementor-element elementor-element-ah6YLQ6 e-flex e-con-boxed e-con e-parent\" data-id=\"ah6YLQ6\" data-element_type=\"container\" data-e-type=\"container\">\n\t\t\t\t\t<div class=\"e-con-inner\">\n\t\t<div class=\"elementor-element elementor-element-f4QYxOV e-con-full e-flex e-con e-child\" data-id=\"f4QYxOV\" data-element_type=\"container\" data-e-type=\"container\">\n\t\t\t\t<div class=\"elementor-element elementor-element-N7q3Vmb elementor-widget elementor-widget-text-editor\" data-id=\"N7q3Vmb\" data-element_type=\"widget\" data-e-type=\"widget\" data-widget_type=\"text-editor.default\">\n\t\t\t\t<div class=\"elementor-widget-container\">\n\t\t\t\t\t\t\t\t\t<p>DB hostel sijaitsee keskeisell\u00e4 paikalla vain reilun 100 metrin p\u00e4\u00e4ss\u00e4 Taalintehtaan torilta. Laadukkaat huoneemme, sek\u00e4 hyvin varustellut yhteistilamme tekev\u00e4t vierailustasi viihtyis\u00e4n kokemuksen.<\/p><p>Hostelli soveltuu hyvin my\u00f6s pitk\u00e4aikaiseen majoittumiseen. Kysy tarjous pidemmist\u00e4 majoituksista tai ryhm\u00e4tarjouksista osoitteesta info@dbhostel.fi tai +358 50 350 4930<\/p><p>Voit tehd\u00e4 varauksen my\u00f6s booking.com kautta. Varaamalla suoraan varauspalvelumme kautta varmistat kuitenkin aina edullisimman hinnan varauksellesi.\u00a0<\/p>\t\t\t\t\t\t\t\t<\/div>\n\t\t\t\t<\/div>\n\t\t<div class=\"elementor-element elementor-element-XVH1aBZ e-flex e-con-boxed e-con e-child\" data-id=\"XVH1aBZ\" data-element_type=\"container\" data-e-type=\"container\">\n\t\t\t\t\t<div class=\"e-con-inner\">\n\t\t\t\t<div class=\"elementor-element elementor-element-1TEevmb elementor-widget__width-auto elementor-widget elementor-widget-button\" data-id=\"1TEevmb\" data-element_type=\"widget\" data-e-type=\"widget\" data-widget_type=\"button.default\">\n\t\t\t\t<div class=\"elementor-widget-container\">\n\t\t\t\t\t\t\t\t\t<div class=\"elementor-button-wrapper\">\n\t\t\t\t\t<a class=\"elementor-button elementor-button-link elementor-size-sm\" href=\"https:\/\/app.moder.fi\/db-hostel\">\n\t\t\t\t\t\t<span class=\"elementor-button-content-wrapper\">\n\t\t\t\t\t\t\t\t\t<span class=\"elementor-button-text\">Varauspalvelu<\/span>\n\t\t\t\t\t<\/span>\n\t\t\t\t\t<\/a>\n\t\t\t\t<\/div>\n\t\t\t\t\t\t\t\t<\/div>\n\t\t\t\t<\/div>\n\t\t\t\t\t<\/div>\n\t\t\t\t<\/div>\n\t\t\t\t<\/div>\n\t\t\t\t\t<\/div>\n\t\t\t\t<\/div>\n\t\t\t\t<\/div>\n\t\t","protected":false},"excerpt":{"rendered":"<p>DB hostel sijaitsee keskeisell\u00e4 paikalla vain reilun 100 metrin p\u00e4\u00e4ss\u00e4 Taalintehtaan torilta. Laadukkaat huoneemme, sek\u00e4 hyvin varustellut yhteistilamme tekev\u00e4t vierailustasi viihtyis\u00e4n kokemuksen. Hostelli soveltuu hyvin my\u00f6s pitk\u00e4aikaiseen majoittumiseen. Kysy tarjous pidemmist\u00e4 majoituksista tai ryhm\u00e4tarjouksista osoitteesta info@dbhostel.fi tai +358 50 350 4930 Voit tehd\u00e4 varauksen my\u00f6s booking.com kautta. Varaamalla suoraan varauspalvelumme kautta varmistat kuitenkin aina edullisimman &hellip; <\/p>\n<p class=\"link-more\"><a href=\"https:\/\/www.dbhostel.fi\/\" class=\"more-link\">Jatka lukemista<span class=\"screen-reader-text\"> &#8221;Tervetuloa&#8221;<\/span><\/a><\/p>\n","protected":false},"author":1,"featured_media":0,"parent":0,"menu_order":0,"comment_status":"closed","ping_status":"closed","template":"","meta":{"footnotes":""},"class_list":["post-1180","page","type-page","status-publish","hentry"],"_links":{"self":[{"href":"https:\/\/www.dbhostel.fi\/index.php\/wp-json\/wp\/v2\/pages\/1180","targetHints":{"allow":["GET"]}}],"collection":[{"href":"https:\/\/www.dbhostel.fi\/index.php\/wp-json\/wp\/v2\/pages"}],"about":[{"href":"https:\/\/www.dbhostel.fi\/index.php\/wp-json\/wp\/v2\/types\/page"}],"author":[{"embeddable":true,"href":"https:\/\/www.dbhostel.fi\/index.php\/wp-json\/wp\/v2\/users\/1"}],"replies":[{"embeddable":true,"href":"https:\/\/www.dbhostel.fi\/index.php\/wp-json\/wp\/v2\/comments?post=1180"}],"version-history":[{"count":102,"href":"https:\/\/www.dbhostel.fi\/index.php\/wp-json\/wp\/v2\/pages\/1180\/revisions"}],"predecessor-version":[{"id":1529,"href":"https:\/\/www.dbhostel.fi\/index.php\/wp-json\/wp\/v2\/pages\/1180\/revisions\/1529"}],"wp:attachment":[{"href":"https:\/\/www.dbhostel.fi\/index.php\/wp-json\/wp\/v2\/media?parent=1180"}],"curies":[{"name":"wp","href":"https:\/\/api.w.org\/{rel}","templated":true}]}}